{"id":64,"date":"2026-01-29T09:15:20","date_gmt":"2026-01-29T09:15:20","guid":{"rendered":"http:\/\/brctsuceava.ro\/blog\/"},"modified":"2026-03-30T12:42:04","modified_gmt":"2026-03-30T12:42:04","slug":"blog","status":"publish","type":"page","link":"https:\/\/brctsuceava.ro\/uk\/blog\/","title":{"rendered":"Blog"},"content":{"rendered":"\n<div class=\"section-wrapper\" data-id=\"B7N83P\"><section class=\"wp-block-gutenverse-section guten-element guten-section guten-B7N83P layout-boxed align-stretch\"><div class=\"guten-container guten-column-gap-no\">\n<div class=\"wp-block-gutenverse-column guten-element guten-column guten-JFIh1S\"><div class=\"guten-column-wrapper\" data-id=\"JFIh1S\">\n\n\n\n\n\n\n\n\n<div class=\"section-wrapper\" data-id=\"fZKePG\"><section class=\"wp-block-gutenverse-section guten-element guten-section guten-fZKePG layout-fullwidth align-stretch\"><div class=\"guten-container guten-column-gap-no\">\n<div class=\"wp-block-gutenverse-column guten-element guten-column guten-5luo6d\"><div class=\"guten-column-wrapper\" data-id=\"5luo6d\">\n<h1 class=\"wp-block-gutenverse-heading guten-element guten-8zS4oO\">\u041f\u0435\u0440\u0441\u043f\u0435\u043a\u0442\u0438\u0432\u0438, \u041d\u043e\u0432\u0438\u043d\u0438 \u0442\u0430<span id=\"guten-YVACuJ\"><span class=\"guten-text-highlight guten-brRrUE\" id=\"guten-zqg9UM\"> \u0413\u043e\u043b\u043e\u0441\u0438<\/span><\/span> \u0421\u043f\u0456\u0432\u043f\u0440\u0430\u0446\u0456<\/h1>\n<\/div><\/div>\n<\/div><\/section><\/div>\n\n\n\n<div class=\"wp-block-gutenverse-divider guten-element guten-divider guten-uCUERi\"><div class=\"guten-divider-wrapper\"><div class=\"guten-divider-default guten-divider-line guten-divider-regular\"><\/div><\/div><\/div>\n\n\n\n<div class=\"guten-element gutenverse-text-editor guten-yTyVuW\"><div class=\"text-content-inner\"><\/div><\/div>\n<\/div><\/div>\n<\/div><\/section><\/div>\n\n\n\n\n\n<h4 class=\"wp-block-heading has-theme-0-color has-text-color has-background has-link-color wp-elements-001592022d31c6f1a992e6aabae4ae3c\" style=\"border-top-left-radius:30px;border-top-right-radius:30px;border-bottom-left-radius:30px;border-bottom-right-radius:30px;background-color:#f5f5f4;margin-right:var(--wp--preset--spacing--60);margin-left:var(--wp--preset--spacing--60);padding-right:var(--wp--preset--spacing--80);padding-left:var(--wp--preset--spacing--80)\"><strong>\u0411\u0443\u0434\u044c\u0442\u0435 \u0432 \u043a\u0443\u0440\u0441\u0456 \u043e\u0441\u0442\u0430\u043d\u043d\u0456\u0445 \u043d\u043e\u0432\u0438\u043d, \u043e\u0444\u0456\u0446\u0456\u0439\u043d\u0438\u0445 \u043e\u0433\u043e\u043b\u043e\u0448\u0435\u043d\u044c \u0442\u0430 \u0440\u0435\u0433\u0456\u043e\u043d\u0430\u043b\u044c\u043d\u0438\u0445 \u043f\u0435\u0440\u0441\u043f\u0435\u043a\u0442\u0438\u0432 \u043d\u0430\u0448\u0438\u0445 \u043f\u0440\u0438\u043a\u043e\u0440\u0434\u043e\u043d\u043d\u0438\u0445 \u0433\u0440\u043e\u043c\u0430\u0434 \u0456 \u043f\u0430\u0440\u0442\u043d\u0435\u0440\u0441\u0442\u0432.<\/strong><\/h4>\n\n\n\n\n\n<div class=\"section-wrapper\" data-id=\"eGp45R\"><section class=\"wp-block-gutenverse-section guten-element guten-section guten-eGp45R layout-boxed align-stretch\"><div class=\"guten-container guten-column-gap-extended\">\n<div class=\"wp-block-gutenverse-column guten-element guten-column guten-lfFctI\"><div class=\"guten-column-wrapper\" data-id=\"lfFctI\">\n<div class=\"section-wrapper\" data-id=\"Q8CQup\"><section class=\"wp-block-gutenverse-section guten-element guten-section guten-Q8CQup layout-fullwidth align-stretch\"><div class=\"guten-container guten-column-gap-no\">\n<div class=\"wp-block-gutenverse-column guten-element guten-column guten-UiQ42t\"><div class=\"guten-column-wrapper\" data-id=\"UiQ42t\">\n<p><\/p>\n\n\n<div  class=\"gutenverse guten-postblock postblock-type-1 guten-pagination-normal-number break-point-tablet post-element guten-Qccd0H\"  data-id=\"guten-Qccd0H\" data-settings=\"{&quot;elementId&quot;:&quot;guten-Qccd0H&quot;,&quot;numberPost&quot;:&quot;5&quot;,&quot;includeCategory&quot;:[{&quot;label&quot;:&quot;Anunturi&quot;,&quot;value&quot;:7},{&quot;label&quot;:&quot;Comunicate de pres\\u0103&quot;,&quot;value&quot;:10},{&quot;label&quot;:&quot;Evenimente&quot;,&quot;value&quot;:11}],&quot;excerptEnabled&quot;:false,&quot;excerptLength&quot;:&quot;8&quot;,&quot;paginationMode&quot;:&quot;normal-number&quot;,&quot;postItemMargin&quot;:{&quot;Desktop&quot;:{&quot;unit&quot;:&quot;px&quot;,&quot;dimension&quot;:{&quot;top&quot;:&quot;0&quot;,&quot;right&quot;:&quot;0&quot;,&quot;bottom&quot;:&quot;24&quot;,&quot;left&quot;:&quot;0&quot;}},&quot;Mobile&quot;:{&quot;unit&quot;:&quot;px&quot;,&quot;dimension&quot;:{&quot;top&quot;:&quot;&quot;,&quot;right&quot;:&quot;0&quot;,&quot;bottom&quot;:&quot;&quot;,&quot;left&quot;:&quot;0&quot;}}},&quot;postItemPadding&quot;:{&quot;Desktop&quot;:{&quot;unit&quot;:&quot;px&quot;,&quot;dimension&quot;:{&quot;top&quot;:&quot;10&quot;,&quot;right&quot;:&quot;10&quot;,&quot;bottom&quot;:&quot;10&quot;,&quot;left&quot;:&quot;10&quot;}},&quot;Mobile&quot;:{&quot;unit&quot;:&quot;px&quot;,&quot;dimension&quot;:{&quot;right&quot;:&quot;0&quot;,&quot;left&quot;:&quot;0&quot;}}},&quot;thumbnailRadius&quot;:{&quot;Desktop&quot;:{&quot;unit&quot;:&quot;px&quot;,&quot;dimension&quot;:{&quot;top&quot;:&quot;30&quot;,&quot;right&quot;:&quot;30&quot;,&quot;bottom&quot;:&quot;30&quot;,&quot;left&quot;:&quot;30&quot;}}},&quot;paginationMargin&quot;:{&quot;Desktop&quot;:{&quot;unit&quot;:&quot;px&quot;,&quot;dimension&quot;:{&quot;top&quot;:&quot;3&quot;,&quot;right&quot;:&quot;3&quot;,&quot;bottom&quot;:&quot;3&quot;,&quot;left&quot;:&quot;3&quot;}}},&quot;paginationBorder&quot;:{&quot;all&quot;:{&quot;color&quot;:{&quot;type&quot;:&quot;variable&quot;,&quot;id&quot;:&quot;theme-3&quot;},&quot;width&quot;:2}},&quot;animation&quot;:{&quot;type&quot;:{&quot;Desktop&quot;:&quot;none&quot;}},&quot;contentOrder&quot;:[{&quot;label&quot;:&quot;Title&quot;,&quot;value&quot;:&quot;title&quot;},{&quot;label&quot;:&quot;Excerpt&quot;,&quot;value&quot;:&quot;excerpt&quot;},{&quot;label&quot;:&quot;Read More&quot;,&quot;value&quot;:&quot;read&quot;}],&quot;inheritQuery&quot;:true,&quot;postType&quot;:&quot;post&quot;,&quot;postOffset&quot;:0,&quot;column&quot;:[],&quot;excludeCurrentPost&quot;:false,&quot;includePost&quot;:[],&quot;excludePost&quot;:[],&quot;excludeCategory&quot;:[],&quot;includeAuthor&quot;:[],&quot;includeTag&quot;:[],&quot;excludeTag&quot;:[],&quot;htmlTag&quot;:&quot;h3&quot;,&quot;categoryEnabled&quot;:true,&quot;categoryPosition&quot;:&quot;center&quot;,&quot;excerptMore&quot;:&quot;...&quot;,&quot;readmoreEnabled&quot;:true,&quot;readmoreIcon&quot;:&quot;fas fa-arrow-right&quot;,&quot;readmoreIconPosition&quot;:&quot;after&quot;,&quot;readmoreText&quot;:&quot;Read More&quot;,&quot;commentEnabled&quot;:false,&quot;commentIcon&quot;:&quot;fas fa-comment&quot;,&quot;commentIconPosition&quot;:&quot;before&quot;,&quot;metaEnabled&quot;:true,&quot;metaAuthorEnabled&quot;:true,&quot;metaAuthorByText&quot;:&quot;by&quot;,&quot;metaAuthorIcon&quot;:&quot;fas fa-user&quot;,&quot;metaAuthorIconPosition&quot;:&quot;before&quot;,&quot;metaDateEnabled&quot;:true,&quot;metaDateType&quot;:&quot;published&quot;,&quot;metaDateFormat&quot;:&quot;default&quot;,&quot;metaDateFormatCustom&quot;:&quot;&quot;,&quot;metaDateIcon&quot;:&quot;fas fa-clock&quot;,&quot;metaDateIconPosition&quot;:&quot;before&quot;,&quot;postblockType&quot;:&quot;type-1&quot;,&quot;breakpoint&quot;:&quot;tablet&quot;,&quot;noContentText&quot;:&quot;No Content&quot;,&quot;paginationLoadmoreText&quot;:&quot;Load More&quot;,&quot;paginationLoadingText&quot;:&quot;Loading...&quot;,&quot;paginationNumberPost&quot;:3,&quot;paginationScrollLimit&quot;:0,&quot;paginationIcon&quot;:&quot;&quot;,&quot;paginationIconType&quot;:&quot;icon&quot;,&quot;paginationIconSVG&quot;:&quot;&quot;,&quot;paginationIconPosition&quot;:&quot;before&quot;,&quot;background&quot;:[],&quot;backgroundHover&quot;:[],&quot;paginationPrevNextText&quot;:true,&quot;paginationPrevText&quot;:&quot;Prev&quot;,&quot;paginationNextText&quot;:&quot;Next&quot;,&quot;paginationPrevIcon&quot;:&quot;fas fa-chevron-left&quot;,&quot;paginationPrevIconType&quot;:&quot;icon&quot;,&quot;paginationNextIcon&quot;:&quot;fas fa-chevron-right&quot;,&quot;paginationNextIconType&quot;:&quot;icon&quot;,&quot;paginationLoadmoreAnimation&quot;:&quot;&quot;,&quot;paginationLoadmoreAnimationSequence&quot;:&quot;&quot;,&quot;paged&quot;:1,&quot;class&quot;:null}\"><div class=\"guten-block-container\">\n            <div class=\"guten-posts guten-ajax-flag\">\n            <article class=\"guten-post post-13911 post type-post status-publish format-standard has-post-thumbnail hentry category-evenimente\">\n                    <div class=\"guten-thumb\"><a aria-label=\"Rom\u00e2nia, hub strategic \u00een procesul de reconstruc\u021bie a Ucrainei\" href=\"javascript:void(0);\" data-href=\"https:\/\/brctsuceava.ro\/uk\/2026\/03\/25\/13911\/\"><div class=\"thumbnail-container \">\n            <img fetchpriority=\"high\" decoding=\"async\" loading=\"eager\"  width=\"762\" height=\"500\" src=\"https:\/\/brctsuceava.ro\/wp-content\/uploads\/2026\/03\/big_whatsapp_image_2026-03-24_at_11.42.44_1-e1774853064567.jpeg\" class=\"attachment-full size-full wp-post-image\" alt=\"\" srcset=\"https:\/\/brctsuceava.ro\/wp-content\/uploads\/2026\/03\/big_whatsapp_image_2026-03-24_at_11.42.44_1-e1774853064567.jpeg 762w, https:\/\/brctsuceava.ro\/wp-content\/uploads\/2026\/03\/big_whatsapp_image_2026-03-24_at_11.42.44_1-e1774853064567-300x197.jpeg 300w, https:\/\/brctsuceava.ro\/wp-content\/uploads\/2026\/03\/big_whatsapp_image_2026-03-24_at_11.42.44_1-e1774853064567-18x12.jpeg 18w\" sizes=\"(max-width: 762px) 100vw, 762px\" \/>\n\t\t\t<div class=\"guten-overlay\"><\/div>\n        <\/div><\/a><\/div>\n                    <div class=\"guten-postblock-content\"><div class=\"guten-post-category \"><span><a href=\"javascript:void(0);\" data-href=\"https:\/\/brctsuceava.ro\/uk\/category\/evenimente\/\" aria-label=\"View all posts in Evenimente\" class=\"category-evenimente\">Evenimente<\/a><\/span><\/div><h3 class=\"guten-post-title\">\n\t\t\t\t\t\t\t<a aria-label=\"Rom\u00e2nia, hub strategic \u00een procesul de reconstruc\u021bie a Ucrainei\" href=\"javascript:void(0);\" data-href=\"https:\/\/brctsuceava.ro\/uk\/2026\/03\/25\/13911\/\">Rom\u00e2nia, hub strategic \u00een procesul de reconstruc\u021bie a Ucrainei<\/a>\n\t\t\t\t\t\t<\/h3><div class=\"guten-post-meta-bottom\">\n\t\t\t\t\t\t\t<div class=\"guten-meta-readmore icon-position-after\">\n\t\t\t\t<a aria-label=\"Read more about Rom\u00e2nia, hub strategic \u00een procesul de reconstruc\u021bie a Ucrainei\" href=\"javascript:void(0);\" data-href=\"https:\/\/brctsuceava.ro\/uk\/2026\/03\/25\/13911\/\" class=\"guten-readmore\">Read More<i aria-hidden=\"true\" class=\"fas fa-arrow-right\"><\/i><span class=\"screen-reader-text\"> about Rom\u00e2nia, hub strategic \u00een procesul de reconstruc\u021bie a Ucrainei<\/span><\/a>\n\t\t\t<\/div>\n\t\t\t\t\t\t<\/div><\/div>\n                <\/article><article class=\"guten-post post-12514 post type-post status-publish format-standard has-post-thumbnail hentry category-anunturi category-recrutare\">\n                    <div class=\"guten-thumb\"><a aria-label=\"BRCT Suceava caut\u0103 expert rela\u021bii externe\" href=\"javascript:void(0);\" data-href=\"https:\/\/brctsuceava.ro\/uk\/2026\/03\/12\/biroul-regional-pentru-cooperare-transfrontaliera-suceava-cauta-expert-relatii-externe-pentru-ocuparea-urmatorului-post-in-secretariatul-comun-al-programului-interreg-next-romania-ucraina\/\"><div class=\"thumbnail-container \">\n            <img decoding=\"async\" loading=\"eager\"  width=\"940\" height=\"788\" src=\"https:\/\/brctsuceava.ro\/wp-content\/uploads\/2026\/03\/1773318639296.jpg\" class=\"attachment-full size-full wp-post-image\" alt=\"\" srcset=\"https:\/\/brctsuceava.ro\/wp-content\/uploads\/2026\/03\/1773318639296.jpg 940w, https:\/\/brctsuceava.ro\/wp-content\/uploads\/2026\/03\/1773318639296-300x251.jpg 300w, https:\/\/brctsuceava.ro\/wp-content\/uploads\/2026\/03\/1773318639296-768x644.jpg 768w, https:\/\/brctsuceava.ro\/wp-content\/uploads\/2026\/03\/1773318639296-14x12.jpg 14w\" sizes=\"(max-width: 940px) 100vw, 940px\" \/>\n\t\t\t<div class=\"guten-overlay\"><\/div>\n        <\/div><\/a><\/div>\n                    <div class=\"guten-postblock-content\"><div class=\"guten-post-category \"><span><a href=\"javascript:void(0);\" data-href=\"https:\/\/brctsuceava.ro\/uk\/category\/anunturi\/\" aria-label=\"View all posts in Anunturi\" class=\"category-anunturi\">Anunturi<\/a><\/span><\/div><h3 class=\"guten-post-title\">\n\t\t\t\t\t\t\t<a aria-label=\"BRCT Suceava caut\u0103 expert rela\u021bii externe\" href=\"javascript:void(0);\" data-href=\"https:\/\/brctsuceava.ro\/uk\/2026\/03\/12\/biroul-regional-pentru-cooperare-transfrontaliera-suceava-cauta-expert-relatii-externe-pentru-ocuparea-urmatorului-post-in-secretariatul-comun-al-programului-interreg-next-romania-ucraina\/\">BRCT Suceava caut\u0103 expert rela\u021bii externe<\/a>\n\t\t\t\t\t\t<\/h3><div class=\"guten-post-meta-bottom\">\n\t\t\t\t\t\t\t<div class=\"guten-meta-readmore icon-position-after\">\n\t\t\t\t<a aria-label=\"Read more about BRCT Suceava caut\u0103 expert rela\u021bii externe\" href=\"javascript:void(0);\" data-href=\"https:\/\/brctsuceava.ro\/uk\/2026\/03\/12\/biroul-regional-pentru-cooperare-transfrontaliera-suceava-cauta-expert-relatii-externe-pentru-ocuparea-urmatorului-post-in-secretariatul-comun-al-programului-interreg-next-romania-ucraina\/\" class=\"guten-readmore\">Read More<i aria-hidden=\"true\" class=\"fas fa-arrow-right\"><\/i><span class=\"screen-reader-text\"> about BRCT Suceava caut\u0103 expert rela\u021bii externe<\/span><\/a>\n\t\t\t<\/div>\n\t\t\t\t\t\t<\/div><\/div>\n                <\/article><article class=\"guten-post post-10689 post type-post status-publish format-standard has-post-thumbnail hentry category-comunicate-de-presa category-next-21-27 category-noutati\">\n                    <div class=\"guten-thumb\"><a aria-label=\"Cea de-a 5-a reuniune a Comitetului de Monitorizare al Programului Interreg NEXT Rom\u00e2nia-Ucraina 2021\u20132027\" href=\"javascript:void(0);\" data-href=\"https:\/\/brctsuceava.ro\/uk\/2026\/01\/28\/cea-de-a-5-a-reuniune-a-comitetului-de-monitorizare-al-programului-interreg-next-romania-ucraina-2021-2027\/\"><div class=\"thumbnail-container \">\n            <img decoding=\"async\" loading=\"eager\"  width=\"2048\" height=\"1232\" src=\"https:\/\/brctsuceava.ro\/wp-content\/uploads\/2026\/02\/MC-5th-meeting.jpg\" class=\"attachment-full size-full wp-post-image\" alt=\"\" srcset=\"https:\/\/brctsuceava.ro\/wp-content\/uploads\/2026\/02\/MC-5th-meeting.jpg 2048w, https:\/\/brctsuceava.ro\/wp-content\/uploads\/2026\/02\/MC-5th-meeting-300x180.jpg 300w, https:\/\/brctsuceava.ro\/wp-content\/uploads\/2026\/02\/MC-5th-meeting-1024x616.jpg 1024w, https:\/\/brctsuceava.ro\/wp-content\/uploads\/2026\/02\/MC-5th-meeting-768x462.jpg 768w, https:\/\/brctsuceava.ro\/wp-content\/uploads\/2026\/02\/MC-5th-meeting-1536x924.jpg 1536w, https:\/\/brctsuceava.ro\/wp-content\/uploads\/2026\/02\/MC-5th-meeting-18x12.jpg 18w\" sizes=\"(max-width: 2048px) 100vw, 2048px\" \/>\n\t\t\t<div class=\"guten-overlay\"><\/div>\n        <\/div><\/a><\/div>\n                    <div class=\"guten-postblock-content\"><div class=\"guten-post-category \"><span><a href=\"javascript:void(0);\" data-href=\"https:\/\/brctsuceava.ro\/uk\/category\/noutati\/comunicate-de-presa\/\" aria-label=\"View all posts in Comunicate de pres\u0103\" class=\"category-comunicate-de-presa\">Comunicate de pres\u0103<\/a><\/span><\/div><h3 class=\"guten-post-title\">\n\t\t\t\t\t\t\t<a aria-label=\"Cea de-a 5-a reuniune a Comitetului de Monitorizare al Programului Interreg NEXT Rom\u00e2nia-Ucraina 2021\u20132027\" href=\"javascript:void(0);\" data-href=\"https:\/\/brctsuceava.ro\/uk\/2026\/01\/28\/cea-de-a-5-a-reuniune-a-comitetului-de-monitorizare-al-programului-interreg-next-romania-ucraina-2021-2027\/\">Cea de-a 5-a reuniune a Comitetului de Monitorizare al Programului Interreg NEXT Rom\u00e2nia-Ucraina 2021\u20132027<\/a>\n\t\t\t\t\t\t<\/h3><div class=\"guten-post-meta-bottom\">\n\t\t\t\t\t\t\t<div class=\"guten-meta-readmore icon-position-after\">\n\t\t\t\t<a aria-label=\"Read more about Cea de-a 5-a reuniune a Comitetului de Monitorizare al Programului Interreg NEXT Rom\u00e2nia-Ucraina 2021\u20132027\" href=\"javascript:void(0);\" data-href=\"https:\/\/brctsuceava.ro\/uk\/2026\/01\/28\/cea-de-a-5-a-reuniune-a-comitetului-de-monitorizare-al-programului-interreg-next-romania-ucraina-2021-2027\/\" class=\"guten-readmore\">Read More<i aria-hidden=\"true\" class=\"fas fa-arrow-right\"><\/i><span class=\"screen-reader-text\"> about Cea de-a 5-a reuniune a Comitetului de Monitorizare al Programului Interreg NEXT Rom\u00e2nia-Ucraina 2021\u20132027<\/span><\/a>\n\t\t\t<\/div>\n\t\t\t\t\t\t<\/div><\/div>\n                <\/article><article class=\"guten-post post-8787 post type-post status-publish format-standard has-post-thumbnail hentry category-achizitii category-anunturi\">\n                    <div class=\"guten-thumb\"><a aria-label=\"Anun\u021b de publicitate privind achizi\u021bia de  Servicii pentru evenimente  Organizare \u0218edin\u021b\u0103 a Comitetului de Monitorizare aferent Interreg NEXT Rom\u00e2nia \u2013 Ucraina\" href=\"javascript:void(0);\" data-href=\"https:\/\/brctsuceava.ro\/uk\/2026\/01\/08\/anunt-de-publicitate-privind-achizitia-de-servicii-pentru-evenimente-organizare-sedinta-a-comitetului-de-monitorizare-aferent-interreg-next-romania-ucraina\/\"><div class=\"thumbnail-container \">\n            <img decoding=\"async\" loading=\"eager\"  width=\"1024\" height=\"576\" src=\"https:\/\/brctsuceava.ro\/wp-content\/uploads\/2025\/08\/Procurement-Notice-1-1024x576-1.jpg\" class=\"attachment-full size-full wp-post-image\" alt=\"\" srcset=\"https:\/\/brctsuceava.ro\/wp-content\/uploads\/2025\/08\/Procurement-Notice-1-1024x576-1.jpg 1024w, https:\/\/brctsuceava.ro\/wp-content\/uploads\/2025\/08\/Procurement-Notice-1-1024x576-1-300x169.jpg 300w, https:\/\/brctsuceava.ro\/wp-content\/uploads\/2025\/08\/Procurement-Notice-1-1024x576-1-768x432.jpg 768w, https:\/\/brctsuceava.ro\/wp-content\/uploads\/2025\/08\/Procurement-Notice-1-1024x576-1-18x10.jpg 18w\" sizes=\"(max-width: 1024px) 100vw, 1024px\" \/>\n\t\t\t<div class=\"guten-overlay\"><\/div>\n        <\/div><\/a><\/div>\n                    <div class=\"guten-postblock-content\"><div class=\"guten-post-category \"><span><a href=\"javascript:void(0);\" data-href=\"https:\/\/brctsuceava.ro\/uk\/category\/anunturi\/achizitii\/\" aria-label=\"View all posts in Achizitii\" class=\"category-achizitii\">Achizitii<\/a><\/span><\/div><h3 class=\"guten-post-title\">\n\t\t\t\t\t\t\t<a aria-label=\"Anun\u021b de publicitate privind achizi\u021bia de  Servicii pentru evenimente  Organizare \u0218edin\u021b\u0103 a Comitetului de Monitorizare aferent Interreg NEXT Rom\u00e2nia \u2013 Ucraina\" href=\"javascript:void(0);\" data-href=\"https:\/\/brctsuceava.ro\/uk\/2026\/01\/08\/anunt-de-publicitate-privind-achizitia-de-servicii-pentru-evenimente-organizare-sedinta-a-comitetului-de-monitorizare-aferent-interreg-next-romania-ucraina\/\">Anun\u021b de publicitate privind achizi\u021bia de  Servicii pentru evenimente  Organizare \u0218edin\u021b\u0103 a Comitetului de Monitorizare aferent Interreg NEXT Rom\u00e2nia \u2013 Ucraina<\/a>\n\t\t\t\t\t\t<\/h3><div class=\"guten-post-meta-bottom\">\n\t\t\t\t\t\t\t<div class=\"guten-meta-readmore icon-position-after\">\n\t\t\t\t<a aria-label=\"Read more about Anun\u021b de publicitate privind achizi\u021bia de  Servicii pentru evenimente  Organizare \u0218edin\u021b\u0103 a Comitetului de Monitorizare aferent Interreg NEXT Rom\u00e2nia \u2013 Ucraina\" href=\"javascript:void(0);\" data-href=\"https:\/\/brctsuceava.ro\/uk\/2026\/01\/08\/anunt-de-publicitate-privind-achizitia-de-servicii-pentru-evenimente-organizare-sedinta-a-comitetului-de-monitorizare-aferent-interreg-next-romania-ucraina\/\" class=\"guten-readmore\">Read More<i aria-hidden=\"true\" class=\"fas fa-arrow-right\"><\/i><span class=\"screen-reader-text\"> about Anun\u021b de publicitate privind achizi\u021bia de  Servicii pentru evenimente  Organizare \u0218edin\u021b\u0103 a Comitetului de Monitorizare aferent Interreg NEXT Rom\u00e2nia \u2013 Ucraina<\/span><\/a>\n\t\t\t<\/div>\n\t\t\t\t\t\t<\/div><\/div>\n                <\/article><article class=\"guten-post post-8744 post type-post status-publish format-standard has-post-thumbnail hentry category-evenimente category-noutati\">\n                    <div class=\"guten-thumb\"><a aria-label=\"Viziune f\u0103r\u0103 frontiere: BRCT Suceava s\u0103rb\u0103tore\u0219te 20 de ani de cooperare transfrontalier\u0103 la grani\u021ba de Est a UE la #EURegionsWeek 2025\" href=\"javascript:void(0);\" data-href=\"https:\/\/brctsuceava.ro\/uk\/2025\/10\/16\/viziune-fara-frontiere-brct-suceava-sarbatoreste-20-de-ani-de-cooperare-transfrontaliera-la-granita-de-est-a-ue-la-euregionsweek-2025\/\"><div class=\"thumbnail-container \">\n            <img decoding=\"async\" loading=\"eager\"  width=\"1600\" height=\"1067\" src=\"https:\/\/brctsuceava.ro\/wp-content\/uploads\/2025\/10\/IMG-20251016-WA0247-1.jpg\" class=\"attachment-full size-full wp-post-image\" alt=\"\" srcset=\"https:\/\/brctsuceava.ro\/wp-content\/uploads\/2025\/10\/IMG-20251016-WA0247-1.jpg 1600w, https:\/\/brctsuceava.ro\/wp-content\/uploads\/2025\/10\/IMG-20251016-WA0247-1-300x200.jpg 300w, https:\/\/brctsuceava.ro\/wp-content\/uploads\/2025\/10\/IMG-20251016-WA0247-1-1024x683.jpg 1024w, https:\/\/brctsuceava.ro\/wp-content\/uploads\/2025\/10\/IMG-20251016-WA0247-1-768x512.jpg 768w, https:\/\/brctsuceava.ro\/wp-content\/uploads\/2025\/10\/IMG-20251016-WA0247-1-1536x1024.jpg 1536w, https:\/\/brctsuceava.ro\/wp-content\/uploads\/2025\/10\/IMG-20251016-WA0247-1-18x12.jpg 18w\" sizes=\"(max-width: 1600px) 100vw, 1600px\" \/>\n\t\t\t<div class=\"guten-overlay\"><\/div>\n        <\/div><\/a><\/div>\n                    <div class=\"guten-postblock-content\"><div class=\"guten-post-category \"><span><a href=\"javascript:void(0);\" data-href=\"https:\/\/brctsuceava.ro\/uk\/category\/evenimente\/\" aria-label=\"View all posts in Evenimente\" class=\"category-evenimente\">Evenimente<\/a><\/span><\/div><h3 class=\"guten-post-title\">\n\t\t\t\t\t\t\t<a aria-label=\"Viziune f\u0103r\u0103 frontiere: BRCT Suceava s\u0103rb\u0103tore\u0219te 20 de ani de cooperare transfrontalier\u0103 la grani\u021ba de Est a UE la #EURegionsWeek 2025\" href=\"javascript:void(0);\" data-href=\"https:\/\/brctsuceava.ro\/uk\/2025\/10\/16\/viziune-fara-frontiere-brct-suceava-sarbatoreste-20-de-ani-de-cooperare-transfrontaliera-la-granita-de-est-a-ue-la-euregionsweek-2025\/\">Viziune f\u0103r\u0103 frontiere: BRCT Suceava s\u0103rb\u0103tore\u0219te 20 de ani de cooperare transfrontalier\u0103 la grani\u021ba de Est a UE la #EURegionsWeek 2025<\/a>\n\t\t\t\t\t\t<\/h3><div class=\"guten-post-meta-bottom\">\n\t\t\t\t\t\t\t<div class=\"guten-meta-readmore icon-position-after\">\n\t\t\t\t<a aria-label=\"Read more about Viziune f\u0103r\u0103 frontiere: BRCT Suceava s\u0103rb\u0103tore\u0219te 20 de ani de cooperare transfrontalier\u0103 la grani\u021ba de Est a UE la #EURegionsWeek 2025\" href=\"javascript:void(0);\" data-href=\"https:\/\/brctsuceava.ro\/uk\/2025\/10\/16\/viziune-fara-frontiere-brct-suceava-sarbatoreste-20-de-ani-de-cooperare-transfrontaliera-la-granita-de-est-a-ue-la-euregionsweek-2025\/\" class=\"guten-readmore\">Read More<i aria-hidden=\"true\" class=\"fas fa-arrow-right\"><\/i><span class=\"screen-reader-text\"> about Viziune f\u0103r\u0103 frontiere: BRCT Suceava s\u0103rb\u0103tore\u0219te 20 de ani de cooperare transfrontalier\u0103 la grani\u021ba de Est a UE la #EURegionsWeek 2025<\/span><\/a>\n\t\t\t<\/div>\n\t\t\t\t\t\t<\/div><\/div>\n                <\/article>\n        <\/div>\n        <\/div><div class=\"guten_block_nav native-pagination\" data-page=\"1\"><span class=\"btn-pagination current\">1<\/span> <a href=\"javascript:void(0);\" data-href=\"https:\/\/brctsuceava.ro\/uk\/wp-json\/wp\/v2\/pages\/64\/page\/2\/\" class=\"btn-pagination\" data-page=\"2\">2<\/a> <span class=\"pagination-elipsis\">&#8230;<\/span>  <a href=\"javascript:void(0);\" data-href=\"https:\/\/brctsuceava.ro\/uk\/wp-json\/wp\/v2\/pages\/64\/page\/36\/\" class=\"btn-pagination\" data-page=\"36\">36<\/a> <a href=\"javascript:void(0);\" data-href=\"https:\/\/brctsuceava.ro\/uk\/wp-json\/wp\/v2\/pages\/64\/page\/2\/\" class=\"btn-pagination next\" title=\"Next\">Next  <i aria-hidden=\"true\" class=\"fas fa-chevron-right\"><\/i><\/a><\/div><\/div><\/div><\/div>\n<\/div><\/section><\/div>\n<\/div><\/div>\n<\/div><\/section><\/div>\n","protected":false},"excerpt":{"rendered":"<p>\u0411\u0443\u0434\u044c\u0442\u0435 \u0432 \u043a\u0443\u0440\u0441\u0456 \u043e\u0441\u0442\u0430\u043d\u043d\u0456\u0445 \u043d\u043e\u0432\u0438\u043d, \u043e\u0444\u0456\u0446\u0456\u0439\u043d\u0438\u0445 \u043e\u0433\u043e\u043b\u043e\u0448\u0435\u043d\u044c \u0442\u0430 \u0440\u0435\u0433\u0456\u043e\u043d\u0430\u043b\u044c\u043d\u0438\u0445 \u043f\u0435\u0440\u0441\u043f\u0435\u043a\u0442\u0438\u0432 \u043d\u0430\u0448\u0438\u0445 \u043f\u0440\u0438\u043a\u043e\u0440\u0434\u043e\u043d\u043d\u0438\u0445 \u0433\u0440\u043e\u043c\u0430\u0434 \u0456 \u043f\u0430\u0440\u0442\u043d\u0435\u0440\u0441\u0442\u0432.<\/p>","protected":false},"author":1,"featured_media":0,"parent":0,"menu_order":0,"comment_status":"closed","ping_status":"closed","template":"full-width","meta":{"_uag_custom_page_level_css":"","footnotes":""},"class_list":["post-64","page","type-page","status-publish","hentry"],"uagb_featured_image_src":{"full":false,"thumbnail":false,"medium":false,"medium_large":false,"large":false,"1536x1536":false,"2048x2048":false,"trp-custom-language-flag":false},"uagb_author_info":{"display_name":"brct","author_link":"https:\/\/brctsuceava.ro\/uk\/author\/brct\/"},"uagb_comment_info":0,"uagb_excerpt":"\u0411\u0443\u0434\u044c\u0442\u0435 \u0432 \u043a\u0443\u0440\u0441\u0456 \u043e\u0441\u0442\u0430\u043d\u043d\u0456\u0445 \u043d\u043e\u0432\u0438\u043d, \u043e\u0444\u0456\u0446\u0456\u0439\u043d\u0438\u0445 \u043e\u0433\u043e\u043b\u043e\u0448\u0435\u043d\u044c \u0442\u0430 \u0440\u0435\u0433\u0456\u043e\u043d\u0430\u043b\u044c\u043d\u0438\u0445 \u043f\u0435\u0440\u0441\u043f\u0435\u043a\u0442\u0438\u0432 \u043d\u0430\u0448\u0438\u0445 \u043f\u0440\u0438\u043a\u043e\u0440\u0434\u043e\u043d\u043d\u0438\u0445 \u0433\u0440\u043e\u043c\u0430\u0434 \u0456 \u043f\u0430\u0440\u0442\u043d\u0435\u0440\u0441\u0442\u0432.","_links":{"self":[{"href":"https:\/\/brctsuceava.ro\/uk\/wp-json\/wp\/v2\/pages\/64","targetHints":{"allow":["GET"]}}],"collection":[{"href":"https:\/\/brctsuceava.ro\/uk\/wp-json\/wp\/v2\/pages"}],"about":[{"href":"https:\/\/brctsuceava.ro\/uk\/wp-json\/wp\/v2\/types\/page"}],"author":[{"embeddable":true,"href":"https:\/\/brctsuceava.ro\/uk\/wp-json\/wp\/v2\/users\/1"}],"replies":[{"embeddable":true,"href":"https:\/\/brctsuceava.ro\/uk\/wp-json\/wp\/v2\/comments?post=64"}],"version-history":[{"count":29,"href":"https:\/\/brctsuceava.ro\/uk\/wp-json\/wp\/v2\/pages\/64\/revisions"}],"predecessor-version":[{"id":14119,"href":"https:\/\/brctsuceava.ro\/uk\/wp-json\/wp\/v2\/pages\/64\/revisions\/14119"}],"wp:attachment":[{"href":"https:\/\/brctsuceava.ro\/uk\/wp-json\/wp\/v2\/media?parent=64"}],"curies":[{"name":"wp","href":"https:\/\/api.w.org\/{rel}","templated":true}]}}